{"id":256,"date":"2022-07-09T18:11:30","date_gmt":"2022-07-09T16:11:30","guid":{"rendered":"https:\/\/equigemm.com\/?post_type=product&#038;p=256"},"modified":"2023-05-24T11:22:07","modified_gmt":"2023-05-24T09:22:07","slug":"equigemm-serenite","status":"publish","type":"product","link":"https:\/\/equigemm.com\/produit\/equigemm-serenite\/","title":{"rendered":"Equi&rsquo;Gemm\u00ae S\u00e9r\u00e9nit\u00e9"},"content":{"rendered":"<p><strong>Propri\u00e9t\u00e9s :<\/strong><\/p>\n<p><span style=\"color: #666699;\"><strong>Figuier<\/strong> :<\/span> action anti-angoisse et neuros\u00e9dative remarquable, il agit sur tout d\u00e9sordre nerveux en r\u00e9tablissant l\u2019\u00e9quilibre neuro-sensoriel et permet d&rsquo;am\u00e9liorer la concentration.<\/p>\n<p><span style=\"color: #666699;\"><strong>Tilleul<\/strong> :<\/span> recommand\u00e9 en cas d\u2019angoisses et d\u2019obsessions, il aide \u00e0 mieux g\u00e9rer le stress.<br \/>\nC&rsquo;est un antispasmodique efficace qui aide \u00e0 calmer les palpitations cardiaques et la spasmophilie.<\/p>\n<p><span style=\"color: #666699;\"><strong>Sapin pectin\u00e9<\/strong> :<\/span> action sur l&rsquo;\u00e9quilibre min\u00e9ral, il participe \u00e0 la fixation du calcium, tr\u00e8s importante dans l&rsquo;\u00e9quilibre nerveux.<\/p>\n<p><strong>Mode d&#8217;emploi :<\/strong><\/p>\n<p>Donner tous les jours 10 \u00e0 20 gouttes (0,5 \u00e0 1ml)\/jour avec le repas du matin et\/ou du soir (selon l&rsquo;importance des troubles de votre cheval et\/ou selon que votre cheval est stress\u00e9 mont\u00e9 et\/ou au boxe \u00e9galement).<\/p>\n<p>Vous pouvez utiliser <strong><span style=\"color: #c22b00;\">Equi&rsquo;Gemm\u00ae<\/span> <span style=\"color: #666699;\">S\u00e9r\u00e9nit\u00e9<\/span><\/strong> de mani\u00e8re ponctuelle en pr\u00e9vision d&rsquo;\u00e9pisodes particuli\u00e8rement stressants, ou en continu en cas de troubles chroniques.<\/p>\n<p>Attention, il est important de donner toujours au(x) m\u00eame(s) moments) de la journ\u00e9e.<br \/>\nNe pas d\u00e9passer la dose journali\u00e8re indiqu\u00e9e.<\/p>\n<p><strong><span style=\"color: #c22b00;\">Equi&rsquo;Gemm\u00ae<\/span> <span style=\"color: #666699;\">S\u00e9r\u00e9nit\u00e9<\/span><\/strong> est un compl\u00e9ment alimentaire qui ne se substitue pas au r\u00e9gime alimentaire du cheval, ni ne dispense d&rsquo;une consultation v\u00e9t\u00e9rinaire.<\/p>\n<p>Dur\u00e9e d&rsquo;utilisation d&rsquo;un flacon de 30ml : de 1 \u00e0 2 mois selon les besoins de votre cheval.<\/p>\n<p><strong>Conservation<\/strong> :<\/p>\n<p>A temp\u00e9rature ambiante, \u00e0 l&rsquo;abri de la lumi\u00e8re.<\/p>\n","protected":false},"excerpt":{"rendered":"<p>Une formule sp\u00e9cialement \u00e9tudi\u00e9e pour apaiser les chevaux anxieux, stress\u00e9s, toujours sur le qui-vive, qui chauffent, se durcissent et manifestent des difficult\u00e9s de concentration par rapport \u00e0 l&rsquo;environnement.<\/p>\n","protected":false},"featured_media":489,"comment_status":"open","ping_status":"closed","template":"","meta":{"site-sidebar-layout":"default","site-content-layout":"default","ast-site-content-layout":"default","site-content-style":"default","site-sidebar-style":"default","ast-global-header-display":"","ast-banner-title-visibility":"","ast-main-header-display":"","ast-hfb-above-header-display":"","ast-hfb-below-header-display":"","ast-hfb-mobile-header-display":"","site-post-title":"","ast-breadcrumbs-content":"","ast-featured-img":"","footer-sml-layout":"","ast-disable-related-posts":"","theme-transparent-header-meta":"default","adv-header-id-meta":"","stick-header-meta":"","header-above-stick-meta":"","header-main-stick-meta":"","header-below-stick-meta":"","astra-migrate-meta-layouts":"default","ast-page-background-enabled":"default","ast-page-background-meta":{"desktop":{"background-color":"var(--ast-global-color-4)","background-image":"","background-repeat":"repeat","background-position":"center center","background-size":"auto","background-attachment":"scroll","background-type":"","background-media":"","overlay-type":"","overlay-color":"","overlay-opacity":"","overlay-gradient":""},"tablet":{"background-color":"","background-image":"","background-repeat":"repeat","background-position":"center center","background-size":"auto","background-attachment":"scroll","background-type":"","background-media":"","overlay-type":"","overlay-color":"","overlay-opacity":"","overlay-gradient":""},"mobile":{"background-color":"","background-image":"","background-repeat":"repeat","background-position":"center center","background-size":"auto","background-attachment":"scroll","background-type":"","background-media":"","overlay-type":"","overlay-color":"","overlay-opacity":"","overlay-gradient":""}},"ast-content-background-meta":{"desktop":{"background-color":"var(--ast-global-color-5)","background-image":"","background-repeat":"repeat","background-position":"center center","background-size":"auto","background-attachment":"scroll","background-type":"","background-media":"","overlay-type":"","overlay-color":"","overlay-opacity":"","overlay-gradient":""},"tablet":{"background-color":"var(--ast-global-color-5)","background-image":"","background-repeat":"repeat","background-position":"center center","background-size":"auto","background-attachment":"scroll","background-type":"","background-media":"","overlay-type":"","overlay-color":"","overlay-opacity":"","overlay-gradient":""},"mobile":{"background-color":"var(--ast-global-color-5)","background-image":"","background-repeat":"repeat","background-position":"center center","background-size":"auto","background-attachment":"scroll","background-type":"","background-media":"","overlay-type":"","overlay-color":"","overlay-opacity":"","overlay-gradient":""}}},"product_brand":[],"product_cat":[15],"product_tag":[],"class_list":{"0":"post-256","1":"product","2":"type-product","3":"status-publish","4":"has-post-thumbnail","6":"product_cat-non-classe","7":"desktop-align-left","8":"tablet-align-left","9":"mobile-align-left","11":"first","12":"instock","13":"taxable","14":"shipping-taxable","15":"purchasable","16":"product-type-simple"},"_links":{"self":[{"href":"https:\/\/equigemm.com\/wp-json\/wp\/v2\/product\/256","targetHints":{"allow":["GET"]}}],"collection":[{"href":"https:\/\/equigemm.com\/wp-json\/wp\/v2\/product"}],"about":[{"href":"https:\/\/equigemm.com\/wp-json\/wp\/v2\/types\/product"}],"replies":[{"embeddable":true,"href":"https:\/\/equigemm.com\/wp-json\/wp\/v2\/comments?post=256"}],"wp:featuredmedia":[{"embeddable":true,"href":"https:\/\/equigemm.com\/wp-json\/wp\/v2\/media\/489"}],"wp:attachment":[{"href":"https:\/\/equigemm.com\/wp-json\/wp\/v2\/media?parent=256"}],"wp:term":[{"taxonomy":"product_brand","embeddable":true,"href":"https:\/\/equigemm.com\/wp-json\/wp\/v2\/product_brand?post=256"},{"taxonomy":"product_cat","embeddable":true,"href":"https:\/\/equigemm.com\/wp-json\/wp\/v2\/product_cat?post=256"},{"taxonomy":"product_tag","embeddable":true,"href":"https:\/\/equigemm.com\/wp-json\/wp\/v2\/product_tag?post=256"}],"curies":[{"name":"wp","href":"https:\/\/api.w.org\/{rel}","templated":true}]}}